{"id":260,"date":"2023-03-22T00:01:38","date_gmt":"2023-03-21T23:01:38","guid":{"rendered":"https:\/\/ostfoldrorservice.no\/?page_id=260"},"modified":"2023-03-22T00:24:28","modified_gmt":"2023-03-21T23:24:28","slug":"tjenester","status":"publish","type":"page","link":"https:\/\/ostfoldrorservice.no\/index.php\/tjenester\/","title":{"rendered":"Tjenester"},"content":{"rendered":"\t\t<div data-elementor-type=\"wp-page\" data-elementor-id=\"260\" class=\"elementor elementor-260\">\n\t\t\t\t\t\t\t\t\t<section class=\"elementor-section elementor-top-section elementor-element elementor-element-745c0ee4 elementor-section-full_width elementor-section-height-min-height elementor-section-stretched elementor-section-height-default elementor-section-items-middle\" data-id=\"745c0ee4\" data-element_type=\"section\" data-settings=\"{&quot;stretch_section&quot;:&quot;section-stretched&quot;,&quot;background_background&quot;:&quot;classic&quot;}\">\n\t\t\t\t\t\t\t<div class=\"elementor-background-overlay\"><\/div>\n\t\t\t\t\t\t\t<div class=\"elementor-container elementor-column-gap-default\">\n\t\t\t\t\t<div class=\"elementor-column elementor-col-100 elementor-top-column elementor-element elementor-element-6c796276\" data-id=\"6c796276\" data-element_type=\"column\">\n\t\t\t<div class=\"elementor-widget-wrap elementor-element-populated\">\n\t\t\t\t\t\t\t\t<div class=\"elementor-element elementor-element-463b53f9 elementor-widget elementor-widget-heading\" data-id=\"463b53f9\" data-element_type=\"widget\" data-widget_type=\"heading.default\">\n\t\t\t\t<div class=\"elementor-widget-container\">\n\t\t\t<style>\/*! elementor - v3.14.0 - 26-06-2023 *\/\n.elementor-heading-title{padding:0;margin:0;line-height:1}.elementor-widget-heading .elementor-heading-title[class*=elementor-size-]>a{color:inherit;font-size:inherit;line-height:inherit}.elementor-widget-heading .elementor-heading-title.elementor-size-small{font-size:15px}.elementor-widget-heading .elementor-heading-title.elementor-size-medium{font-size:19px}.elementor-widget-heading .elementor-heading-title.elementor-size-large{font-size:29px}.elementor-widget-heading .elementor-heading-title.elementor-size-xl{font-size:39px}.elementor-widget-heading .elementor-heading-title.elementor-size-xxl{font-size:59px}<\/style><h2 class=\"elementor-heading-title elementor-size-default\">Tjenester<\/h2>\t\t<\/div>\n\t\t\t\t<\/div>\n\t\t\t\t\t<\/div>\n\t\t<\/div>\n\t\t\t\t\t\t\t<\/div>\n\t\t<\/section>\n\t\t\t\t<section class=\"elementor-section elementor-top-section elementor-element elementor-element-5b4b1c69 elementor-section-stretched elementor-section-boxed elementor-section-height-default elementor-section-height-default\" data-id=\"5b4b1c69\" data-element_type=\"section\" data-settings=\"{&quot;stretch_section&quot;:&quot;section-stretched&quot;,&quot;background_background&quot;:&quot;gradient&quot;}\">\n\t\t\t\t\t\t<div class=\"elementor-container elementor-column-gap-default\">\n\t\t\t\t\t<div class=\"elementor-column elementor-col-100 elementor-top-column elementor-element elementor-element-28912e48\" data-id=\"28912e48\" data-element_type=\"column\">\n\t\t\t<div class=\"elementor-widget-wrap elementor-element-populated\">\n\t\t\t\t\t\t\t\t<div class=\"elementor-element elementor-element-5e56c4e5 elementor-widget elementor-widget-heading\" data-id=\"5e56c4e5\" data-element_type=\"widget\" data-widget_type=\"heading.default\">\n\t\t\t\t<div class=\"elementor-widget-container\">\n\t\t\t<h2 class=\"elementor-heading-title elementor-size-default\">V\u00e5re tjenester<\/h2>\t\t<\/div>\n\t\t\t\t<\/div>\n\t\t\t\t<section class=\"elementor-section elementor-inner-section elementor-element elementor-element-519bc078 elementor-section-boxed elementor-section-height-default elementor-section-height-default\" data-id=\"519bc078\" data-element_type=\"section\">\n\t\t\t\t\t\t<div class=\"elementor-container elementor-column-gap-default\">\n\t\t\t\t\t<div class=\"elementor-column elementor-col-33 elementor-inner-column elementor-element elementor-element-4a1c9c64\" data-id=\"4a1c9c64\" data-element_type=\"column\" data-settings=\"{&quot;background_background&quot;:&quot;classic&quot;}\">\n\t\t\t<div class=\"elementor-widget-wrap elementor-element-populated\">\n\t\t\t\t\t\t\t\t<div class=\"elementor-element elementor-element-1633d8ef elementor-widget elementor-widget-heading\" data-id=\"1633d8ef\" data-element_type=\"widget\" data-widget_type=\"heading.default\">\n\t\t\t\t<div class=\"elementor-widget-container\">\n\t\t\t<h2 class=\"elementor-heading-title elementor-size-default\">24 \/ 7 R\u00f8rleggervakt<\/h2>\t\t<\/div>\n\t\t\t\t<\/div>\n\t\t\t\t<div class=\"elementor-element elementor-element-4fd8e577 elementor-widget elementor-widget-text-editor\" data-id=\"4fd8e577\" data-element_type=\"widget\" data-widget_type=\"text-editor.default\">\n\t\t\t\t<div class=\"elementor-widget-container\">\n\t\t\t<style>\/*! elementor - v3.14.0 - 26-06-2023 *\/\n.elementor-widget-text-editor.elementor-drop-cap-view-stacked .elementor-drop-cap{background-color:#69727d;color:#fff}.elementor-widget-text-editor.elementor-drop-cap-view-framed .elementor-drop-cap{color:#69727d;border:3px solid;background-color:transparent}.elementor-widget-text-editor:not(.elementor-drop-cap-view-default) .elementor-drop-cap{margin-top:8px}.elementor-widget-text-editor:not(.elementor-drop-cap-view-default) .elementor-drop-cap-letter{width:1em;height:1em}.elementor-widget-text-editor .elementor-drop-cap{float:left;text-align:center;line-height:1;font-size:50px}.elementor-widget-text-editor .elementor-drop-cap-letter{display:inline-block}<\/style>\t\t\t\t<p style=\"text-align: center;\"><span style=\"color: #333333;\">Vi tilbyr en r\u00f8rleggervakt som er tilgjengelig 24\/7 for \u00e5 hjelpe deg med alle slags r\u00f8rleggerproblemer, selv utenfor vanlige \u00e5pningstider.<\/span><\/p>\t\t\t\t\t\t<\/div>\n\t\t\t\t<\/div>\n\t\t\t\t\t<\/div>\n\t\t<\/div>\n\t\t\t\t<div class=\"elementor-column elementor-col-33 elementor-inner-column elementor-element elementor-element-15a1b526\" data-id=\"15a1b526\" data-element_type=\"column\" data-settings=\"{&quot;background_background&quot;:&quot;classic&quot;}\">\n\t\t\t<div class=\"elementor-widget-wrap elementor-element-populated\">\n\t\t\t\t\t\t\t\t<div class=\"elementor-element elementor-element-446ecb97 elementor-widget elementor-widget-heading\" data-id=\"446ecb97\" data-element_type=\"widget\" data-widget_type=\"heading.default\">\n\t\t\t\t<div class=\"elementor-widget-container\">\n\t\t\t<h2 class=\"elementor-heading-title elementor-size-default\">Rammeavtale \/ Serviceavtale<\/h2>\t\t<\/div>\n\t\t\t\t<\/div>\n\t\t\t\t<div class=\"elementor-element elementor-element-6eb1ecda elementor-widget elementor-widget-text-editor\" data-id=\"6eb1ecda\" data-element_type=\"widget\" data-widget_type=\"text-editor.default\">\n\t\t\t\t<div class=\"elementor-widget-container\">\n\t\t\t\t\t\t\t<p style=\"text-align: center;\"><span style=\"color: #333333;\">Vi tilbyr en serviceavtale for r\u00f8rlegging, som sikrer regelmessig vedlikehold og reparasjon av r\u00f8rene dine. Dette vil bidra til \u00e5 forebygge problemer og sikre fremtidig lekkasje<\/span><\/p>\t\t\t\t\t\t<\/div>\n\t\t\t\t<\/div>\n\t\t\t\t\t<\/div>\n\t\t<\/div>\n\t\t\t\t<div class=\"elementor-column elementor-col-33 elementor-inner-column elementor-element elementor-element-94d90e9\" data-id=\"94d90e9\" data-element_type=\"column\" data-settings=\"{&quot;background_background&quot;:&quot;classic&quot;}\">\n\t\t\t<div class=\"elementor-widget-wrap elementor-element-populated\">\n\t\t\t\t\t\t\t\t<div class=\"elementor-element elementor-element-12228c3e elementor-widget elementor-widget-heading\" data-id=\"12228c3e\" data-element_type=\"widget\" data-widget_type=\"heading.default\">\n\t\t\t\t<div class=\"elementor-widget-container\">\n\t\t\t<h2 class=\"elementor-heading-title elementor-size-default\">Montering varmepumpe<\/h2>\t\t<\/div>\n\t\t\t\t<\/div>\n\t\t\t\t<div class=\"elementor-element elementor-element-5eb3841 elementor-widget elementor-widget-text-editor\" data-id=\"5eb3841\" data-element_type=\"widget\" data-widget_type=\"text-editor.default\">\n\t\t\t\t<div class=\"elementor-widget-container\">\n\t\t\t\t\t\t\t<p style=\"text-align: center;\"><span style=\"color: #333333;\">Vi tilbyr montering av varmepumper for \u00e5 gi deg en mer energieffektiv og b\u00e6rekraftig oppvarmingsl\u00f8sning. V\u00e5rt team monterer den p\u00e5 en profesjonell m\u00e5te for \u00e5 sikre optimal ytelse og lang levetid.<\/span><\/p>\t\t\t\t\t\t<\/div>\n\t\t\t\t<\/div>\n\t\t\t\t\t<\/div>\n\t\t<\/div>\n\t\t\t\t\t\t\t<\/div>\n\t\t<\/section>\n\t\t\t\t<section class=\"elementor-section elementor-inner-section elementor-element elementor-element-68d91336 elementor-section-boxed elementor-section-height-default elementor-section-height-default\" data-id=\"68d91336\" data-element_type=\"section\">\n\t\t\t\t\t\t<div class=\"elementor-container elementor-column-gap-default\">\n\t\t\t\t\t<div class=\"elementor-column elementor-col-33 elementor-inner-column elementor-element elementor-element-7a68f742\" data-id=\"7a68f742\" data-element_type=\"column\" data-settings=\"{&quot;background_background&quot;:&quot;classic&quot;}\">\n\t\t\t<div class=\"elementor-widget-wrap elementor-element-populated\">\n\t\t\t\t\t\t\t\t<div class=\"elementor-element elementor-element-202ae18d elementor-widget elementor-widget-heading\" data-id=\"202ae18d\" data-element_type=\"widget\" data-widget_type=\"heading.default\">\n\t\t\t\t<div class=\"elementor-widget-container\">\n\t\t\t<h2 class=\"elementor-heading-title elementor-size-default\">Vannb\u00e5ren varme<\/h2>\t\t<\/div>\n\t\t\t\t<\/div>\n\t\t\t\t<div class=\"elementor-element elementor-element-75eb5dcd elementor-widget elementor-widget-text-editor\" data-id=\"75eb5dcd\" data-element_type=\"widget\" data-widget_type=\"text-editor.default\">\n\t\t\t\t<div class=\"elementor-widget-container\">\n\t\t\t\t\t\t\t<p style=\"text-align: center;\"><span style=\"color: #333333;\">Vi tilbyr oppsett av vannb\u00e5ren varme for \u00e5 gi deg en energieffektiv og kostnadseffektiv oppvarmingsl\u00f8sning til hjemmet eller virksomheten din. V\u00e5rt erfarne team vil hjelpe deg med \u00e5 designe og installere et skreddersydd system som passer dine behov og budsjetter.<\/span><\/p>\t\t\t\t\t\t<\/div>\n\t\t\t\t<\/div>\n\t\t\t\t\t<\/div>\n\t\t<\/div>\n\t\t\t\t<div class=\"elementor-column elementor-col-33 elementor-inner-column elementor-element elementor-element-76dc3990\" data-id=\"76dc3990\" data-element_type=\"column\" data-settings=\"{&quot;background_background&quot;:&quot;classic&quot;}\">\n\t\t\t<div class=\"elementor-widget-wrap elementor-element-populated\">\n\t\t\t\t\t\t\t\t<div class=\"elementor-element elementor-element-5c731e2 elementor-widget elementor-widget-heading\" data-id=\"5c731e2\" data-element_type=\"widget\" data-widget_type=\"heading.default\">\n\t\t\t\t<div class=\"elementor-widget-container\">\n\t\t\t<h2 class=\"elementor-heading-title elementor-size-default\">Radiatorer<\/h2>\t\t<\/div>\n\t\t\t\t<\/div>\n\t\t\t\t<div class=\"elementor-element elementor-element-396cfca8 elementor-widget elementor-widget-text-editor\" data-id=\"396cfca8\" data-element_type=\"widget\" data-widget_type=\"text-editor.default\">\n\t\t\t\t<div class=\"elementor-widget-container\">\n\t\t\t\t\t\t\t<p style=\"text-align: center;\"><span style=\"color: #333333;\">Vi bist\u00e5r med installasjon av radiatorer for \u00e5 gi deg en p\u00e5litelig og kostnadseffektiv oppvarmingsl\u00f8sning. Vi vil ogs\u00e5 s\u00f8rge for at alle installasjoner er i henhold til industristandarder og at systemet fungerer som det skal f\u00f8r vi forlater stedet.<\/span><\/p>\t\t\t\t\t\t<\/div>\n\t\t\t\t<\/div>\n\t\t\t\t\t<\/div>\n\t\t<\/div>\n\t\t\t\t<div class=\"elementor-column elementor-col-33 elementor-inner-column elementor-element elementor-element-7050f680\" data-id=\"7050f680\" data-element_type=\"column\" data-settings=\"{&quot;background_background&quot;:&quot;classic&quot;}\">\n\t\t\t<div class=\"elementor-widget-wrap elementor-element-populated\">\n\t\t\t\t\t\t\t\t<div class=\"elementor-element elementor-element-29f39a35 elementor-view-default elementor-widget elementor-widget-icon\" data-id=\"29f39a35\" data-element_type=\"widget\" data-widget_type=\"icon.default\">\n\t\t\t\t<div class=\"elementor-widget-container\">\n\t\t\t\t\t<div class=\"elementor-icon-wrapper\">\n\t\t\t<div class=\"elementor-icon\">\n\t\t\t<i aria-hidden=\"true\" class=\"fas fa-phone-alt\"><\/i>\t\t\t<\/div>\n\t\t<\/div>\n\t\t\t\t<\/div>\n\t\t\t\t<\/div>\n\t\t\t\t<div class=\"elementor-element elementor-element-10877319 e-transform elementor-widget elementor-widget-heading\" data-id=\"10877319\" data-element_type=\"widget\" data-settings=\"{&quot;motion_fx_motion_fx_mouse&quot;:&quot;yes&quot;,&quot;_transform_scale_effect_hover&quot;:{&quot;unit&quot;:&quot;px&quot;,&quot;size&quot;:1.100000000000000088817841970012523233890533447265625,&quot;sizes&quot;:[]},&quot;_transform_scale_effect_hover_tablet&quot;:{&quot;unit&quot;:&quot;px&quot;,&quot;size&quot;:&quot;&quot;,&quot;sizes&quot;:[]},&quot;_transform_scale_effect_hover_mobile&quot;:{&quot;unit&quot;:&quot;px&quot;,&quot;size&quot;:&quot;&quot;,&quot;sizes&quot;:[]}}\" data-widget_type=\"heading.default\">\n\t\t\t\t<div class=\"elementor-widget-container\">\n\t\t\t<h2 class=\"elementor-heading-title elementor-size-default\"><a href=\"https:\/\/ostfoldrorservice.no\/index.php\/kontakt\">Ta kontakt med oss!<\/a><\/h2>\t\t<\/div>\n\t\t\t\t<\/div>\n\t\t\t\t\t<\/div>\n\t\t<\/div>\n\t\t\t\t\t\t\t<\/div>\n\t\t<\/section>\n\t\t\t\t\t<\/div>\n\t\t<\/div>\n\t\t\t\t\t\t\t<\/div>\n\t\t<\/section>\n\t\t\t\t\t\t\t<\/div>\n\t\t","protected":false},"excerpt":{"rendered":"<p>Tjenester V\u00e5re tjenester 24 \/ 7 R\u00f8rleggervakt Vi tilbyr en r\u00f8rleggervakt som er tilgjengelig 24\/7 for \u00e5 hjelpe deg med alle slags r\u00f8rleggerproblemer, selv utenfor vanlige \u00e5pningstider. Rammeavtale \/ Serviceavtale Vi tilbyr en serviceavtale for r\u00f8rlegging, som sikrer regelmessig vedlikehold&#8230;<\/p>\n","protected":false},"author":1,"featured_media":0,"parent":0,"menu_order":0,"comment_status":"closed","ping_status":"closed","template":"","meta":{"footnotes":""},"class_list":["post-260","page","type-page","status-publish","hentry"],"yoast_head":"<!-- This site is optimized with the Yoast SEO plugin v20.11 - https:\/\/yoast.com\/wordpress\/plugins\/seo\/ -->\n<title>Tjenester - \u00d8stfold R\u00f8rservice AS<\/title>\n<meta name=\"robots\" content=\"index, follow, max-snippet:-1, max-image-preview:large, max-video-preview:-1\" \/>\n<link rel=\"canonical\" href=\"https:\/\/ostfoldrorservice.no\/index.php\/tjenester\/\" \/>\n<meta property=\"og:locale\" content=\"nb_NO\" \/>\n<meta property=\"og:type\" content=\"article\" \/>\n<meta property=\"og:title\" content=\"Tjenester - \u00d8stfold R\u00f8rservice AS\" \/>\n<meta property=\"og:description\" content=\"Tjenester V\u00e5re tjenester 24 \/ 7 R\u00f8rleggervakt Vi tilbyr en r\u00f8rleggervakt som er tilgjengelig 24\/7 for \u00e5 hjelpe deg med alle slags r\u00f8rleggerproblemer, selv utenfor vanlige \u00e5pningstider. Rammeavtale \/ Serviceavtale Vi tilbyr en serviceavtale for r\u00f8rlegging, som sikrer regelmessig vedlikehold...\" \/>\n<meta property=\"og:url\" content=\"https:\/\/ostfoldrorservice.no\/index.php\/tjenester\/\" \/>\n<meta property=\"og:site_name\" content=\"\u00d8stfold R\u00f8rservice AS\" \/>\n<meta property=\"article:modified_time\" content=\"2023-03-21T23:24:28+00:00\" \/>\n<meta name=\"twitter:card\" content=\"summary_large_image\" \/>\n<meta name=\"twitter:label1\" content=\"Ansl. lesetid\" \/>\n\t<meta name=\"twitter:data1\" content=\"1 minutt\" \/>\n<script type=\"application\/ld+json\" class=\"yoast-schema-graph\">{\"@context\":\"https:\/\/schema.org\",\"@graph\":[{\"@type\":\"WebPage\",\"@id\":\"https:\/\/ostfoldrorservice.no\/index.php\/tjenester\/\",\"url\":\"https:\/\/ostfoldrorservice.no\/index.php\/tjenester\/\",\"name\":\"Tjenester - \u00d8stfold R\u00f8rservice AS\",\"isPartOf\":{\"@id\":\"https:\/\/ostfoldrorservice.no\/#website\"},\"datePublished\":\"2023-03-21T23:01:38+00:00\",\"dateModified\":\"2023-03-21T23:24:28+00:00\",\"breadcrumb\":{\"@id\":\"https:\/\/ostfoldrorservice.no\/index.php\/tjenester\/#breadcrumb\"},\"inLanguage\":\"nb-NO\",\"potentialAction\":[{\"@type\":\"ReadAction\",\"target\":[\"https:\/\/ostfoldrorservice.no\/index.php\/tjenester\/\"]}]},{\"@type\":\"BreadcrumbList\",\"@id\":\"https:\/\/ostfoldrorservice.no\/index.php\/tjenester\/#breadcrumb\",\"itemListElement\":[{\"@type\":\"ListItem\",\"position\":1,\"name\":\"Hjem\",\"item\":\"https:\/\/ostfoldrorservice.no\/\"},{\"@type\":\"ListItem\",\"position\":2,\"name\":\"Tjenester\"}]},{\"@type\":\"WebSite\",\"@id\":\"https:\/\/ostfoldrorservice.no\/#website\",\"url\":\"https:\/\/ostfoldrorservice.no\/\",\"name\":\"\u00d8stfold R\u00f8rservice AS\",\"description\":\"\",\"potentialAction\":[{\"@type\":\"SearchAction\",\"target\":{\"@type\":\"EntryPoint\",\"urlTemplate\":\"https:\/\/ostfoldrorservice.no\/?s={search_term_string}\"},\"query-input\":\"required name=search_term_string\"}],\"inLanguage\":\"nb-NO\"}]}<\/script>\n<!-- \/ Yoast SEO plugin. -->","yoast_head_json":{"title":"Tjenester - \u00d8stfold R\u00f8rservice AS","robots":{"index":"index","follow":"follow","max-snippet":"max-snippet:-1","max-image-preview":"max-image-preview:large","max-video-preview":"max-video-preview:-1"},"canonical":"https:\/\/ostfoldrorservice.no\/index.php\/tjenester\/","og_locale":"nb_NO","og_type":"article","og_title":"Tjenester - \u00d8stfold R\u00f8rservice AS","og_description":"Tjenester V\u00e5re tjenester 24 \/ 7 R\u00f8rleggervakt Vi tilbyr en r\u00f8rleggervakt som er tilgjengelig 24\/7 for \u00e5 hjelpe deg med alle slags r\u00f8rleggerproblemer, selv utenfor vanlige \u00e5pningstider. Rammeavtale \/ Serviceavtale Vi tilbyr en serviceavtale for r\u00f8rlegging, som sikrer regelmessig vedlikehold...","og_url":"https:\/\/ostfoldrorservice.no\/index.php\/tjenester\/","og_site_name":"\u00d8stfold R\u00f8rservice AS","article_modified_time":"2023-03-21T23:24:28+00:00","twitter_card":"summary_large_image","twitter_misc":{"Ansl. lesetid":"1 minutt"},"schema":{"@context":"https:\/\/schema.org","@graph":[{"@type":"WebPage","@id":"https:\/\/ostfoldrorservice.no\/index.php\/tjenester\/","url":"https:\/\/ostfoldrorservice.no\/index.php\/tjenester\/","name":"Tjenester - \u00d8stfold R\u00f8rservice AS","isPartOf":{"@id":"https:\/\/ostfoldrorservice.no\/#website"},"datePublished":"2023-03-21T23:01:38+00:00","dateModified":"2023-03-21T23:24:28+00:00","breadcrumb":{"@id":"https:\/\/ostfoldrorservice.no\/index.php\/tjenester\/#breadcrumb"},"inLanguage":"nb-NO","potentialAction":[{"@type":"ReadAction","target":["https:\/\/ostfoldrorservice.no\/index.php\/tjenester\/"]}]},{"@type":"BreadcrumbList","@id":"https:\/\/ostfoldrorservice.no\/index.php\/tjenester\/#breadcrumb","itemListElement":[{"@type":"ListItem","position":1,"name":"Hjem","item":"https:\/\/ostfoldrorservice.no\/"},{"@type":"ListItem","position":2,"name":"Tjenester"}]},{"@type":"WebSite","@id":"https:\/\/ostfoldrorservice.no\/#website","url":"https:\/\/ostfoldrorservice.no\/","name":"\u00d8stfold R\u00f8rservice AS","description":"","potentialAction":[{"@type":"SearchAction","target":{"@type":"EntryPoint","urlTemplate":"https:\/\/ostfoldrorservice.no\/?s={search_term_string}"},"query-input":"required name=search_term_string"}],"inLanguage":"nb-NO"}]}},"_links":{"self":[{"href":"https:\/\/ostfoldrorservice.no\/index.php\/wp-json\/wp\/v2\/pages\/260","targetHints":{"allow":["GET"]}}],"collection":[{"href":"https:\/\/ostfoldrorservice.no\/index.php\/wp-json\/wp\/v2\/pages"}],"about":[{"href":"https:\/\/ostfoldrorservice.no\/index.php\/wp-json\/wp\/v2\/types\/page"}],"author":[{"embeddable":true,"href":"https:\/\/ostfoldrorservice.no\/index.php\/wp-json\/wp\/v2\/users\/1"}],"replies":[{"embeddable":true,"href":"https:\/\/ostfoldrorservice.no\/index.php\/wp-json\/wp\/v2\/comments?post=260"}],"version-history":[{"count":13,"href":"https:\/\/ostfoldrorservice.no\/index.php\/wp-json\/wp\/v2\/pages\/260\/revisions"}],"predecessor-version":[{"id":323,"href":"https:\/\/ostfoldrorservice.no\/index.php\/wp-json\/wp\/v2\/pages\/260\/revisions\/323"}],"wp:attachment":[{"href":"https:\/\/ostfoldrorservice.no\/index.php\/wp-json\/wp\/v2\/media?parent=260"}],"curies":[{"name":"wp","href":"https:\/\/api.w.org\/{rel}","templated":true}]}}